{"id":2872,"date":"2020-10-20T14:31:52","date_gmt":"2020-10-20T14:31:52","guid":{"rendered":"https:\/\/mappingspain.com\/mapping-spain\/"},"modified":"2023-12-23T12:09:24","modified_gmt":"2023-12-23T12:09:24","slug":"mapping-spain","status":"publish","type":"page","link":"https:\/\/mappingspain.com\/es\/","title":{"rendered":"Mapping Spain"},"content":{"rendered":"<section class=\"gb-block-post-grid featuredpost alignfull margin-overlay\"><div class=\"gb-post-grid-items is-grid columns-2\"><article id=\"post-5919\" class=\"gb-post-grid-item post-5919 post type-post status-publish format-standard has-post-thumbnail category-andalucia category-granada-es entry\"><div class=\"gb-block-post-grid-image\"><a href=\"https:\/\/mappingspain.com\/es\/guia-de-la-alhambra-granada-la-atraccion-mas-visitada-de-espana\/\" rel=\"bookmark\" aria-hidden=\"true\" tabindex=\"-1\"><img decoding=\"async\" width=\"800\" height=\"400\" src=\"https:\/\/mappingspain.com\/wp-content\/uploads\/2021\/01\/Travel-Guide-to-the-Alhambra-800x400.jpg\" class=\"attachment-featured-image size-featured-image\" alt=\"\" \/><\/a><\/div><div class=\"gb-block-post-grid-text\"><header class=\"gb-block-post-grid-header\"><h2 class=\"gb-block-post-grid-title\"><a href=\"https:\/\/mappingspain.com\/es\/guia-de-la-alhambra-granada-la-atraccion-mas-visitada-de-espana\/\" rel=\"bookmark\">Gu\u00eda de la Alhambra de Granada<\/a><\/h2><div class=\"gb-block-post-grid-byline\"><div class=\"gb-block-post-grid-author\" itemprop=\"author\" itemtype=\"https:\/\/schema.org\/Person\"><a class=\"gb-text-link\" href=\"https:\/\/mappingspain.com\/es\/author\/frank\/\" itemprop=\"url\" rel=\"author\"><span itemprop=\"name\">Frank<\/span><\/a><\/div><time datetime=\"2026-01-11T20:34:45+00:00\" class=\"gb-block-post-grid-date\" itemprop=\"datePublished\">11 de enero de 2026<\/time><\/div><\/header><div class=\"gb-block-post-grid-excerpt\"><p>Travel Guide to the Alhambra (Granada) \u2013 Spain\u2019s most visited attraction Granada alberga la Alhambra, declarada&hellip;<\/p>\n<p><a class=\"gb-block-post-grid-more-link gb-text-link\" href=\"https:\/\/mappingspain.com\/es\/guia-de-la-alhambra-granada-la-atraccion-mas-visitada-de-espana\/\" rel=\"bookmark\">Continue Reading <span class=\"screen-reader-text\">Gu\u00eda de la Alhambra de Granada<\/span><\/a><\/p><\/div><\/div><\/article>\n<article id=\"post-23361\" class=\"gb-post-grid-item post-23361 post type-post status-publish format-standard has-post-thumbnail category-informacion-de-viaje tag-espana entry\"><div class=\"gb-block-post-grid-image\"><a href=\"https:\/\/mappingspain.com\/es\/las-mejores-ciudades-historicas-de-espana-que-debes-visitar\/\" rel=\"bookmark\" aria-hidden=\"true\" tabindex=\"-1\"><img decoding=\"async\" width=\"800\" height=\"400\" src=\"https:\/\/mappingspain.com\/wp-content\/uploads\/2024\/10\/Visiting-the-Mezquita-in-Cordoba-1-800x400.jpg\" class=\"attachment-featured-image size-featured-image\" alt=\"\" \/><\/a><\/div><div class=\"gb-block-post-grid-text\"><header class=\"gb-block-post-grid-header\"><h2 class=\"gb-block-post-grid-title\"><a href=\"https:\/\/mappingspain.com\/es\/las-mejores-ciudades-historicas-de-espana-que-debes-visitar\/\" rel=\"bookmark\">Las Mejores Ciudades Hist\u00f3ricas de Espa\u00f1a (que debes visitar)<\/a><\/h2><div class=\"gb-block-post-grid-byline\"><div class=\"gb-block-post-grid-author\" itemprop=\"author\" itemtype=\"https:\/\/schema.org\/Person\"><a class=\"gb-text-link\" href=\"https:\/\/mappingspain.com\/es\/author\/frank\/\" itemprop=\"url\" rel=\"author\"><span itemprop=\"name\">Frank<\/span><\/a><\/div><time datetime=\"2024-10-26T17:23:33+00:00\" class=\"gb-block-post-grid-date\" itemprop=\"datePublished\">26 de octubre de 2024<\/time><\/div><\/header><div class=\"gb-block-post-grid-excerpt\"><p>Las Mejores Ciudades Hist\u00f3ricas de Espa\u00f1a (que debes visitar) La historia de Espa\u00f1a est\u00e1 dondequiera que&hellip;<\/p>\n<p><a class=\"gb-block-post-grid-more-link gb-text-link\" href=\"https:\/\/mappingspain.com\/es\/las-mejores-ciudades-historicas-de-espana-que-debes-visitar\/\" rel=\"bookmark\">Continue Reading <span class=\"screen-reader-text\">Las Mejores Ciudades Hist\u00f3ricas de Espa\u00f1a (que debes visitar)<\/span><\/a><\/p><\/div><\/div><\/article>\n<\/div><\/section>\n\n<section class=\"gb-block-post-grid featuredpost alignfull\"><div class=\"gb-post-grid-items is-grid columns-3\"><article id=\"post-22739\" class=\"gb-post-grid-item post-22739 post type-post status-publish format-standard has-post-thumbnail category-mijas-3 entry\"><div class=\"gb-block-post-grid-image\"><a href=\"https:\/\/mappingspain.com\/es\/vale-la-pena-visitar-mijas-pueblo\/\" rel=\"bookmark\" aria-hidden=\"true\" tabindex=\"-1\"><img decoding=\"async\" width=\"800\" height=\"400\" src=\"https:\/\/mappingspain.com\/wp-content\/uploads\/2024\/03\/Mijas-Pueblo-11-800x400.jpg\" class=\"attachment-featured-image size-featured-image\" alt=\"\" \/><\/a><\/div><div class=\"gb-block-post-grid-text\"><header class=\"gb-block-post-grid-header\"><h2 class=\"gb-block-post-grid-title\"><a href=\"https:\/\/mappingspain.com\/es\/vale-la-pena-visitar-mijas-pueblo\/\" rel=\"bookmark\">\u00bfVale la pena visitar Mijas Pueblo?<\/a><\/h2><div class=\"gb-block-post-grid-byline\"><\/div><\/header><div class=\"gb-block-post-grid-excerpt\"><\/div><\/div><\/article>\n<article id=\"post-16566\" class=\"gb-post-grid-item post-16566 post type-post status-publish format-standard has-post-thumbnail category-nerja-es category-temas-de-expatriados entry\"><div class=\"gb-block-post-grid-image\"><a href=\"https:\/\/mappingspain.com\/es\/nerja-esta-sobrevalorada\/\" rel=\"bookmark\" aria-hidden=\"true\" tabindex=\"-1\"><img decoding=\"async\" width=\"800\" height=\"400\" src=\"https:\/\/mappingspain.com\/wp-content\/uploads\/2023\/12\/Nerja-views-800x400.jpg\" class=\"attachment-featured-image size-featured-image\" alt=\"\" \/><\/a><\/div><div class=\"gb-block-post-grid-text\"><header class=\"gb-block-post-grid-header\"><h2 class=\"gb-block-post-grid-title\"><a href=\"https:\/\/mappingspain.com\/es\/nerja-esta-sobrevalorada\/\" rel=\"bookmark\">\u00bfNerja est\u00e1 sobrevalorada?<\/a><\/h2><div class=\"gb-block-post-grid-byline\"><\/div><\/header><div class=\"gb-block-post-grid-excerpt\"><\/div><\/div><\/article>\n<article id=\"post-15121\" class=\"gb-post-grid-item post-15121 post type-post status-publish format-standard has-post-thumbnail category-andalucia category-antequera-es entry\"><div class=\"gb-block-post-grid-image\"><a href=\"https:\/\/mappingspain.com\/es\/la-alcazaba-de-antequera\/\" rel=\"bookmark\" aria-hidden=\"true\" tabindex=\"-1\"><img decoding=\"async\" width=\"800\" height=\"400\" src=\"https:\/\/mappingspain.com\/wp-content\/uploads\/2023\/11\/The-Alcazaba-of-Antequera-10-800x400.jpg\" class=\"attachment-featured-image size-featured-image\" alt=\"\" \/><\/a><\/div><div class=\"gb-block-post-grid-text\"><header class=\"gb-block-post-grid-header\"><h2 class=\"gb-block-post-grid-title\"><a href=\"https:\/\/mappingspain.com\/es\/la-alcazaba-de-antequera\/\" rel=\"bookmark\">La Alcazaba de Antequera<\/a><\/h2><div class=\"gb-block-post-grid-byline\"><\/div><\/header><div class=\"gb-block-post-grid-excerpt\"><\/div><\/div><\/article>\n<\/div><\/section>\n\n\n<div class=\"wp-block-genesis-blocks-gb-container gb-block-container alignfull\"><div class=\"gb-container-inside\"><div class=\"gb-container-content\">\n<div class=\"wp-block-buttons is-style-divider-button is-content-justification-center is-layout-flex wp-container-core-buttons-is-layout-16018d1d wp-block-buttons-is-layout-flex\">\n<div class=\"wp-block-button is-style-outline is-style-outline--1\"><a class=\"wp-block-button__link has-text-color wp-element-button\" href=\"https:\/\/mappingspain.com\/es\/blog\/\" style=\"color:#777777\">ver m\u00e1s art\u00edculos<\/a><\/div>\n<\/div>\n<\/div><\/div><\/div>\n\n\n\n<div style=\"height:73px\" aria-hidden=\"true\" class=\"wp-block-spacer\"><\/div>\n<div class='ctx-module-container ctx_default_placement ctx-clearfix'><\/div><span class=\"ctx-article-root\"><!-- --><\/span>","protected":false},"excerpt":{"rendered":"","protected":false},"author":1,"featured_media":0,"parent":0,"menu_order":0,"comment_status":"closed","ping_status":"closed","template":"page-templates\/blocks.php","meta":{"_genesis_hide_title":false,"_genesis_hide_breadcrumbs":false,"_genesis_hide_singular_image":false,"_genesis_hide_footer_widgets":false,"_genesis_custom_body_class":"","_genesis_custom_post_class":"","_genesis_layout":"","footnotes":""},"class_list":{"0":"post-2872","1":"page","2":"type-page","3":"status-publish","5":"entry"},"yoast_head":"<!-- This site is optimized with the Yoast SEO plugin v27.5 - https:\/\/yoast.com\/product\/yoast-seo-wordpress\/ -->\n<title>Mapping Spain - Mapping Spain<\/title>\n<meta name=\"robots\" content=\"index, follow, max-snippet:-1, max-image-preview:large, max-video-preview:-1\" \/>\n<link rel=\"canonical\" href=\"https:\/\/mappingspain.com\/es\/\" \/>\n<meta property=\"og:locale\" content=\"es_ES\" \/>\n<meta property=\"og:type\" content=\"article\" \/>\n<meta property=\"og:title\" content=\"Mapping Spain - Mapping Spain\" \/>\n<meta property=\"og:url\" content=\"https:\/\/mappingspain.com\/es\/\" \/>\n<meta property=\"og:site_name\" content=\"Mapping Spain\" \/>\n<meta property=\"article:modified_time\" content=\"2023-12-23T12:09:24+00:00\" \/>\n<meta name=\"twitter:card\" content=\"summary_large_image\" \/>\n<meta name=\"twitter:label1\" content=\"Tiempo de lectura\" \/>\n\t<meta name=\"twitter:data1\" content=\"1 minuto\" \/>\n<script type=\"application\/ld+json\" class=\"yoast-schema-graph\">{\"@context\":\"https:\\\/\\\/schema.org\",\"@graph\":[{\"@type\":\"WebPage\",\"@id\":\"https:\\\/\\\/mappingspain.com\\\/es\\\/\",\"url\":\"https:\\\/\\\/mappingspain.com\\\/es\\\/\",\"name\":\"Mapping Spain - Mapping Spain\",\"isPartOf\":{\"@id\":\"https:\\\/\\\/mappingspain.com\\\/es\\\/#website\"},\"datePublished\":\"2020-10-20T14:31:52+00:00\",\"dateModified\":\"2023-12-23T12:09:24+00:00\",\"breadcrumb\":{\"@id\":\"https:\\\/\\\/mappingspain.com\\\/es\\\/#breadcrumb\"},\"inLanguage\":\"es\",\"potentialAction\":[{\"@type\":\"ReadAction\",\"target\":[\"https:\\\/\\\/mappingspain.com\\\/es\\\/\"]}]},{\"@type\":\"BreadcrumbList\",\"@id\":\"https:\\\/\\\/mappingspain.com\\\/es\\\/#breadcrumb\",\"itemListElement\":[{\"@type\":\"ListItem\",\"position\":1,\"name\":\"Home\",\"item\":\"https:\\\/\\\/mappingspain.com\\\/es\\\/\"},{\"@type\":\"ListItem\",\"position\":2,\"name\":\"Mapping Spain\"}]},{\"@type\":\"WebSite\",\"@id\":\"https:\\\/\\\/mappingspain.com\\\/es\\\/#website\",\"url\":\"https:\\\/\\\/mappingspain.com\\\/es\\\/\",\"name\":\"Mapping Spain\",\"description\":\"Everything Spain!\",\"potentialAction\":[{\"@type\":\"SearchAction\",\"target\":{\"@type\":\"EntryPoint\",\"urlTemplate\":\"https:\\\/\\\/mappingspain.com\\\/es\\\/?s={search_term_string}\"},\"query-input\":{\"@type\":\"PropertyValueSpecification\",\"valueRequired\":true,\"valueName\":\"search_term_string\"}}],\"inLanguage\":\"es\"}]}<\/script>\n<!-- \/ Yoast SEO plugin. -->","yoast_head_json":{"title":"Mapping Spain - Mapping Spain","robots":{"index":"index","follow":"follow","max-snippet":"max-snippet:-1","max-image-preview":"max-image-preview:large","max-video-preview":"max-video-preview:-1"},"canonical":"https:\/\/mappingspain.com\/es\/","og_locale":"es_ES","og_type":"article","og_title":"Mapping Spain - Mapping Spain","og_url":"https:\/\/mappingspain.com\/es\/","og_site_name":"Mapping Spain","article_modified_time":"2023-12-23T12:09:24+00:00","twitter_card":"summary_large_image","twitter_misc":{"Tiempo de lectura":"1 minuto"},"schema":{"@context":"https:\/\/schema.org","@graph":[{"@type":"WebPage","@id":"https:\/\/mappingspain.com\/es\/","url":"https:\/\/mappingspain.com\/es\/","name":"Mapping Spain - Mapping Spain","isPartOf":{"@id":"https:\/\/mappingspain.com\/es\/#website"},"datePublished":"2020-10-20T14:31:52+00:00","dateModified":"2023-12-23T12:09:24+00:00","breadcrumb":{"@id":"https:\/\/mappingspain.com\/es\/#breadcrumb"},"inLanguage":"es","potentialAction":[{"@type":"ReadAction","target":["https:\/\/mappingspain.com\/es\/"]}]},{"@type":"BreadcrumbList","@id":"https:\/\/mappingspain.com\/es\/#breadcrumb","itemListElement":[{"@type":"ListItem","position":1,"name":"Home","item":"https:\/\/mappingspain.com\/es\/"},{"@type":"ListItem","position":2,"name":"Mapping Spain"}]},{"@type":"WebSite","@id":"https:\/\/mappingspain.com\/es\/#website","url":"https:\/\/mappingspain.com\/es\/","name":"Mapping Spain","description":"Everything Spain!","potentialAction":[{"@type":"SearchAction","target":{"@type":"EntryPoint","urlTemplate":"https:\/\/mappingspain.com\/es\/?s={search_term_string}"},"query-input":{"@type":"PropertyValueSpecification","valueRequired":true,"valueName":"search_term_string"}}],"inLanguage":"es"}]}},"featured_image_src":null,"featured_image_src_square":null,"_links":{"self":[{"href":"https:\/\/mappingspain.com\/es\/wp-json\/wp\/v2\/pages\/2872","targetHints":{"allow":["GET"]}}],"collection":[{"href":"https:\/\/mappingspain.com\/es\/wp-json\/wp\/v2\/pages"}],"about":[{"href":"https:\/\/mappingspain.com\/es\/wp-json\/wp\/v2\/types\/page"}],"author":[{"embeddable":true,"href":"https:\/\/mappingspain.com\/es\/wp-json\/wp\/v2\/users\/1"}],"replies":[{"embeddable":true,"href":"https:\/\/mappingspain.com\/es\/wp-json\/wp\/v2\/comments?post=2872"}],"version-history":[{"count":5,"href":"https:\/\/mappingspain.com\/es\/wp-json\/wp\/v2\/pages\/2872\/revisions"}],"predecessor-version":[{"id":15562,"href":"https:\/\/mappingspain.com\/es\/wp-json\/wp\/v2\/pages\/2872\/revisions\/15562"}],"wp:attachment":[{"href":"https:\/\/mappingspain.com\/es\/wp-json\/wp\/v2\/media?parent=2872"}],"curies":[{"name":"wp","href":"https:\/\/api.w.org\/{rel}","templated":true}]}}