{"id":5783,"date":"2020-10-20T14:31:52","date_gmt":"2020-10-20T14:31:52","guid":{"rendered":"https:\/\/mappingspain.com\/mapping-spain\/"},"modified":"2023-12-23T12:07:55","modified_gmt":"2023-12-23T12:07:55","slug":"mapping-spain","status":"publish","type":"page","link":"https:\/\/mappingspain.com\/fr\/","title":{"rendered":"Mapping Spain"},"content":{"rendered":"<section class=\"gb-block-post-grid featuredpost alignfull margin-overlay\"><div class=\"gb-post-grid-items is-grid columns-2\"><article id=\"post-5671\" class=\"gb-post-grid-item post-5671 post type-post status-publish format-standard has-post-thumbnail category-andalousie category-seville-2 entry\"><div class=\"gb-block-post-grid-image\"><a href=\"https:\/\/mappingspain.com\/fr\/voir-le-meilleur-de-seville-et-comment-economiser-de-largent\/\" rel=\"bookmark\" aria-hidden=\"true\" tabindex=\"-1\"><img decoding=\"async\" width=\"800\" height=\"400\" src=\"https:\/\/mappingspain.com\/wp-content\/uploads\/2021\/08\/Seville-Cathedral-3-800x400.jpg\" class=\"attachment-featured-image size-featured-image\" alt=\"\" \/><\/a><\/div><div class=\"gb-block-post-grid-text\"><header class=\"gb-block-post-grid-header\"><h2 class=\"gb-block-post-grid-title\"><a href=\"https:\/\/mappingspain.com\/fr\/voir-le-meilleur-de-seville-et-comment-economiser-de-largent\/\" rel=\"bookmark\">Voir le meilleur de S\u00e9ville (et comment \u00e9conomiser de l&rsquo;argent!)<\/a><\/h2><div class=\"gb-block-post-grid-byline\"><div class=\"gb-block-post-grid-author\" itemprop=\"author\" itemtype=\"https:\/\/schema.org\/Person\"><a class=\"gb-text-link\" href=\"https:\/\/mappingspain.com\/fr\/author\/frank\/\" itemprop=\"url\" rel=\"author\"><span itemprop=\"name\">Frank<\/span><\/a><\/div><time datetime=\"2026-03-18T01:20:00+00:00\" class=\"gb-block-post-grid-date\" itemprop=\"datePublished\">mars 18, 2026<\/time><\/div><\/header><div class=\"gb-block-post-grid-excerpt\"><p>Voir le meilleur de S\u00e9ville (et comment \u00e9conomiser de l&rsquo;argent!) En f\u00e9vrier 2026, nous sommes retourn\u00e9s\u2026<\/p>\n<p><a class=\"gb-block-post-grid-more-link gb-text-link\" href=\"https:\/\/mappingspain.com\/fr\/voir-le-meilleur-de-seville-et-comment-economiser-de-largent\/\" rel=\"bookmark\">Continue Reading <span class=\"screen-reader-text\">Voir le meilleur de S\u00e9ville (et comment \u00e9conomiser de l&rsquo;argent!)<\/span><\/a><\/p><\/div><\/div><\/article>\n<article id=\"post-6528\" class=\"gb-post-grid-item post-6528 post type-post status-publish format-standard has-post-thumbnail category-andalousie category-seville-2 entry\"><div class=\"gb-block-post-grid-image\"><a href=\"https:\/\/mappingspain.com\/fr\/plaza-de-espana-lune-des-principales-attractions-de-seville\/\" rel=\"bookmark\" aria-hidden=\"true\" tabindex=\"-1\"><img decoding=\"async\" width=\"800\" height=\"400\" src=\"https:\/\/mappingspain.com\/wp-content\/uploads\/2021\/03\/Plaza-de-Espana-Seville-Spain-2-800x400.jpg\" class=\"attachment-featured-image size-featured-image\" alt=\"\" \/><\/a><\/div><div class=\"gb-block-post-grid-text\"><header class=\"gb-block-post-grid-header\"><h2 class=\"gb-block-post-grid-title\"><a href=\"https:\/\/mappingspain.com\/fr\/plaza-de-espana-lune-des-principales-attractions-de-seville\/\" rel=\"bookmark\">Plaza de Espa\u00f1a &#8211; l&rsquo;une des principales attractions de S\u00e9ville<\/a><\/h2><div class=\"gb-block-post-grid-byline\"><div class=\"gb-block-post-grid-author\" itemprop=\"author\" itemtype=\"https:\/\/schema.org\/Person\"><a class=\"gb-text-link\" href=\"https:\/\/mappingspain.com\/fr\/author\/frank\/\" itemprop=\"url\" rel=\"author\"><span itemprop=\"name\">Frank<\/span><\/a><\/div><time datetime=\"2026-02-11T13:41:00+00:00\" class=\"gb-block-post-grid-date\" itemprop=\"datePublished\">f\u00e9vrier 11, 2026<\/time><\/div><\/header><div class=\"gb-block-post-grid-excerpt\"><p>Plaza de Espa\u00f1a &#8211; l&rsquo;une des principales attractions de S\u00e9ville La Plaza de Espa\u00f1a est l&rsquo;une\u2026<\/p>\n<p><a class=\"gb-block-post-grid-more-link gb-text-link\" href=\"https:\/\/mappingspain.com\/fr\/plaza-de-espana-lune-des-principales-attractions-de-seville\/\" rel=\"bookmark\">Continue Reading <span class=\"screen-reader-text\">Plaza de Espa\u00f1a &#8211; l&rsquo;une des principales attractions de S\u00e9ville<\/span><\/a><\/p><\/div><\/div><\/article>\n<\/div><\/section>\n\n<section class=\"gb-block-post-grid featuredpost alignfull\"><div class=\"gb-post-grid-items is-grid columns-3\"><article id=\"post-6379\" class=\"gb-post-grid-item post-6379 post type-post status-publish format-standard has-post-thumbnail category-andalousie category-seville-2 entry\"><div class=\"gb-block-post-grid-image\"><a href=\"https:\/\/mappingspain.com\/fr\/casa-de-pilatos-seville-le-palais-que-vous-devez-visiter-pour-les-tuiles-azulejos\/\" rel=\"bookmark\" aria-hidden=\"true\" tabindex=\"-1\"><img decoding=\"async\" width=\"800\" height=\"400\" src=\"https:\/\/mappingspain.com\/wp-content\/uploads\/2020\/11\/Casa-de-Pilatos-Seville-6-800x400.jpg\" class=\"attachment-featured-image size-featured-image\" alt=\"\" \/><\/a><\/div><div class=\"gb-block-post-grid-text\"><header class=\"gb-block-post-grid-header\"><h2 class=\"gb-block-post-grid-title\"><a href=\"https:\/\/mappingspain.com\/fr\/casa-de-pilatos-seville-le-palais-que-vous-devez-visiter-pour-les-tuiles-azulejos\/\" rel=\"bookmark\">Casa de Pilatos (S\u00e9ville) &#8211; le Palais que vous devez visiter pour les tuiles (azulejos)<\/a><\/h2><div class=\"gb-block-post-grid-byline\"><\/div><\/header><div class=\"gb-block-post-grid-excerpt\"><\/div><\/div><\/article>\n<article id=\"post-6383\" class=\"gb-post-grid-item post-6383 post type-post status-publish format-standard has-post-thumbnail category-andalousie category-seville-2 entry\"><div class=\"gb-block-post-grid-image\"><a href=\"https:\/\/mappingspain.com\/fr\/palacio-de-las-duenas-lun-des-plus-beaux-palais-de-seville\/\" rel=\"bookmark\" aria-hidden=\"true\" tabindex=\"-1\"><img decoding=\"async\" width=\"800\" height=\"400\" src=\"https:\/\/mappingspain.com\/wp-content\/uploads\/2020\/12\/Palacio-de-las-Duenas-Seville-Spain-6-800x400.jpg\" class=\"attachment-featured-image size-featured-image\" alt=\"\" \/><\/a><\/div><div class=\"gb-block-post-grid-text\"><header class=\"gb-block-post-grid-header\"><h2 class=\"gb-block-post-grid-title\"><a href=\"https:\/\/mappingspain.com\/fr\/palacio-de-las-duenas-lun-des-plus-beaux-palais-de-seville\/\" rel=\"bookmark\">Palacio de las Due\u00f1as &#8211; l&rsquo;un des plus beaux palais de S\u00e9ville<\/a><\/h2><div class=\"gb-block-post-grid-byline\"><\/div><\/header><div class=\"gb-block-post-grid-excerpt\"><\/div><\/div><\/article>\n<article id=\"post-29036\" class=\"gb-post-grid-item post-29036 post type-post status-publish format-standard has-post-thumbnail category-sujets-dexpatries entry\"><div class=\"gb-block-post-grid-image\"><a href=\"https:\/\/mappingspain.com\/fr\/notre-experience-avec-les-soins-de-sante-prives-en-espagne\/\" rel=\"bookmark\" aria-hidden=\"true\" tabindex=\"-1\"><img decoding=\"async\" width=\"800\" height=\"400\" src=\"https:\/\/mappingspain.com\/wp-content\/uploads\/2026\/01\/Adeslas-Granada-800x400.jpg\" class=\"attachment-featured-image size-featured-image\" alt=\"\" \/><\/a><\/div><div class=\"gb-block-post-grid-text\"><header class=\"gb-block-post-grid-header\"><h2 class=\"gb-block-post-grid-title\"><a href=\"https:\/\/mappingspain.com\/fr\/notre-experience-avec-les-soins-de-sante-prives-en-espagne\/\" rel=\"bookmark\">Notre exp\u00e9rience avec les soins de sant\u00e9 priv\u00e9s en Espagne<\/a><\/h2><div class=\"gb-block-post-grid-byline\"><\/div><\/header><div class=\"gb-block-post-grid-excerpt\"><\/div><\/div><\/article>\n<\/div><\/section>\n\n\n<div class=\"wp-block-genesis-blocks-gb-container gb-block-container alignfull\"><div class=\"gb-container-inside\"><div class=\"gb-container-content\">\n<div class=\"wp-block-buttons is-style-divider-button is-content-justification-center is-layout-flex wp-container-core-buttons-is-layout-16018d1d wp-block-buttons-is-layout-flex\">\n<div class=\"wp-block-button is-style-outline is-style-outline--1\"><a class=\"wp-block-button__link has-text-color wp-element-button\" href=\"https:\/\/mappingspain.com\/fr\/blog\/\" style=\"color:#777777\">Lire plus<\/a><\/div>\n<\/div>\n<\/div><\/div><\/div>\n\n\n\n<div style=\"height:74px\" aria-hidden=\"true\" class=\"wp-block-spacer\"><\/div>\n<div class='ctx-module-container ctx_default_placement ctx-clearfix'><\/div><span class=\"ctx-article-root\"><!-- --><\/span>","protected":false},"excerpt":{"rendered":"","protected":false},"author":1,"featured_media":0,"parent":0,"menu_order":0,"comment_status":"closed","ping_status":"closed","template":"page-templates\/blocks.php","meta":{"_genesis_hide_title":false,"_genesis_hide_breadcrumbs":false,"_genesis_hide_singular_image":false,"_genesis_hide_footer_widgets":false,"_genesis_custom_body_class":"","_genesis_custom_post_class":"","_genesis_layout":"","footnotes":""},"class_list":{"0":"post-5783","1":"page","2":"type-page","3":"status-publish","5":"entry"},"yoast_head":"<!-- This site is optimized with the Yoast SEO plugin v27.2 - https:\/\/yoast.com\/product\/yoast-seo-wordpress\/ -->\n<title>Mapping Spain - Mapping Spain<\/title>\n<meta name=\"robots\" content=\"index, follow, max-snippet:-1, max-image-preview:large, max-video-preview:-1\" \/>\n<link rel=\"canonical\" href=\"https:\/\/mappingspain.com\/fr\/\" \/>\n<meta property=\"og:locale\" content=\"fr_FR\" \/>\n<meta property=\"og:type\" content=\"article\" \/>\n<meta property=\"og:title\" content=\"Mapping Spain - Mapping Spain\" \/>\n<meta property=\"og:url\" content=\"https:\/\/mappingspain.com\/fr\/\" \/>\n<meta property=\"og:site_name\" content=\"Mapping Spain\" \/>\n<meta property=\"article:modified_time\" content=\"2023-12-23T12:07:55+00:00\" \/>\n<meta name=\"twitter:card\" content=\"summary_large_image\" \/>\n<meta name=\"twitter:label1\" content=\"Dur\u00e9e de lecture estim\u00e9e\" \/>\n\t<meta name=\"twitter:data1\" content=\"1 minute\" \/>\n<script type=\"application\/ld+json\" class=\"yoast-schema-graph\">{\"@context\":\"https:\/\/schema.org\",\"@graph\":[{\"@type\":\"WebPage\",\"@id\":\"https:\/\/mappingspain.com\/fr\/\",\"url\":\"https:\/\/mappingspain.com\/fr\/\",\"name\":\"Mapping Spain - Mapping Spain\",\"isPartOf\":{\"@id\":\"https:\/\/mappingspain.com\/fr\/#website\"},\"datePublished\":\"2020-10-20T14:31:52+00:00\",\"dateModified\":\"2023-12-23T12:07:55+00:00\",\"breadcrumb\":{\"@id\":\"https:\/\/mappingspain.com\/fr\/#breadcrumb\"},\"inLanguage\":\"fr-FR\",\"potentialAction\":[{\"@type\":\"ReadAction\",\"target\":[\"https:\/\/mappingspain.com\/fr\/\"]}]},{\"@type\":\"BreadcrumbList\",\"@id\":\"https:\/\/mappingspain.com\/fr\/#breadcrumb\",\"itemListElement\":[{\"@type\":\"ListItem\",\"position\":1,\"name\":\"Home\",\"item\":\"https:\/\/mappingspain.com\/fr\/\"},{\"@type\":\"ListItem\",\"position\":2,\"name\":\"Mapping Spain\"}]},{\"@type\":\"WebSite\",\"@id\":\"https:\/\/mappingspain.com\/fr\/#website\",\"url\":\"https:\/\/mappingspain.com\/fr\/\",\"name\":\"Mapping Spain\",\"description\":\"Everything Spain!\",\"potentialAction\":[{\"@type\":\"SearchAction\",\"target\":{\"@type\":\"EntryPoint\",\"urlTemplate\":\"https:\/\/mappingspain.com\/fr\/?s={search_term_string}\"},\"query-input\":{\"@type\":\"PropertyValueSpecification\",\"valueRequired\":true,\"valueName\":\"search_term_string\"}}],\"inLanguage\":\"fr-FR\"}]}<\/script>\n<!-- \/ Yoast SEO plugin. -->","yoast_head_json":{"title":"Mapping Spain - Mapping Spain","robots":{"index":"index","follow":"follow","max-snippet":"max-snippet:-1","max-image-preview":"max-image-preview:large","max-video-preview":"max-video-preview:-1"},"canonical":"https:\/\/mappingspain.com\/fr\/","og_locale":"fr_FR","og_type":"article","og_title":"Mapping Spain - Mapping Spain","og_url":"https:\/\/mappingspain.com\/fr\/","og_site_name":"Mapping Spain","article_modified_time":"2023-12-23T12:07:55+00:00","twitter_card":"summary_large_image","twitter_misc":{"Dur\u00e9e de lecture estim\u00e9e":"1 minute"},"schema":{"@context":"https:\/\/schema.org","@graph":[{"@type":"WebPage","@id":"https:\/\/mappingspain.com\/fr\/","url":"https:\/\/mappingspain.com\/fr\/","name":"Mapping Spain - Mapping Spain","isPartOf":{"@id":"https:\/\/mappingspain.com\/fr\/#website"},"datePublished":"2020-10-20T14:31:52+00:00","dateModified":"2023-12-23T12:07:55+00:00","breadcrumb":{"@id":"https:\/\/mappingspain.com\/fr\/#breadcrumb"},"inLanguage":"fr-FR","potentialAction":[{"@type":"ReadAction","target":["https:\/\/mappingspain.com\/fr\/"]}]},{"@type":"BreadcrumbList","@id":"https:\/\/mappingspain.com\/fr\/#breadcrumb","itemListElement":[{"@type":"ListItem","position":1,"name":"Home","item":"https:\/\/mappingspain.com\/fr\/"},{"@type":"ListItem","position":2,"name":"Mapping Spain"}]},{"@type":"WebSite","@id":"https:\/\/mappingspain.com\/fr\/#website","url":"https:\/\/mappingspain.com\/fr\/","name":"Mapping Spain","description":"Everything Spain!","potentialAction":[{"@type":"SearchAction","target":{"@type":"EntryPoint","urlTemplate":"https:\/\/mappingspain.com\/fr\/?s={search_term_string}"},"query-input":{"@type":"PropertyValueSpecification","valueRequired":true,"valueName":"search_term_string"}}],"inLanguage":"fr-FR"}]}},"featured_image_src":null,"featured_image_src_square":null,"_links":{"self":[{"href":"https:\/\/mappingspain.com\/fr\/wp-json\/wp\/v2\/pages\/5783","targetHints":{"allow":["GET"]}}],"collection":[{"href":"https:\/\/mappingspain.com\/fr\/wp-json\/wp\/v2\/pages"}],"about":[{"href":"https:\/\/mappingspain.com\/fr\/wp-json\/wp\/v2\/types\/page"}],"author":[{"embeddable":true,"href":"https:\/\/mappingspain.com\/fr\/wp-json\/wp\/v2\/users\/1"}],"replies":[{"embeddable":true,"href":"https:\/\/mappingspain.com\/fr\/wp-json\/wp\/v2\/comments?post=5783"}],"version-history":[{"count":6,"href":"https:\/\/mappingspain.com\/fr\/wp-json\/wp\/v2\/pages\/5783\/revisions"}],"predecessor-version":[{"id":15560,"href":"https:\/\/mappingspain.com\/fr\/wp-json\/wp\/v2\/pages\/5783\/revisions\/15560"}],"wp:attachment":[{"href":"https:\/\/mappingspain.com\/fr\/wp-json\/wp\/v2\/media?parent=5783"}],"curies":[{"name":"wp","href":"https:\/\/api.w.org\/{rel}","templated":true}]}}